{"id":3727,"date":"2015-06-24T13:38:06","date_gmt":"2015-06-24T11:38:06","guid":{"rendered":"https:\/\/thinkandsell.com\/en\/?page_id=3727"},"modified":"2015-06-24T13:38:06","modified_gmt":"2015-06-24T11:38:06","slug":"public-speaking","status":"publish","type":"page","link":"https:\/\/thinkandsell.com\/en\/services\/learning-development\/public-speaking\/","title":{"rendered":"Public Speaking"},"content":{"rendered":"","protected":false},"excerpt":{"rendered":"","protected":false},"author":1,"featured_media":0,"parent":3725,"menu_order":1,"comment_status":"closed","ping_status":"closed","template":"","meta":{"_acf_changed":false,"jetpack_post_was_ever_published":false},"class_list":["post-3727","page","type-page","status-publish","hentry"],"acf":[],"yoast_head":"<!-- This site is optimized with the Yoast SEO plugin v26.8 - https:\/\/yoast.com\/product\/yoast-seo-wordpress\/ -->\n<title>Public Speaking | THINK&amp;SELL<\/title>\n<meta name=\"robots\" content=\"index, follow, max-snippet:-1, max-image-preview:large, max-video-preview:-1\" \/>\n<link rel=\"canonical\" href=\"https:\/\/thinkandsell.com\/en\/services\/learning-development\/public-speaking\/\" \/>\n<meta property=\"og:locale\" content=\"en_US\" \/>\n<meta property=\"og:type\" content=\"article\" \/>\n<meta property=\"og:title\" content=\"Public Speaking | THINK&amp;SELL\" \/>\n<meta property=\"og:url\" content=\"https:\/\/thinkandsell.com\/en\/services\/learning-development\/public-speaking\/\" \/>\n<meta property=\"og:site_name\" content=\"THINK&amp;SELL\" \/>\n<meta property=\"article:publisher\" content=\"https:\/\/www.facebook.com\/thinkandsell\" \/>\n<meta property=\"og:image\" content=\"https:\/\/thinkandsell.com\/wp-content\/uploads\/2015\/06\/think-sell-logo.jpg\" \/>\n\t<meta property=\"og:image:width\" content=\"200\" \/>\n\t<meta property=\"og:image:height\" content=\"200\" \/>\n\t<meta property=\"og:image:type\" content=\"image\/jpeg\" \/>\n<meta name=\"twitter:card\" content=\"summary_large_image\" \/>\n<meta name=\"twitter:site\" content=\"@Jorgethink\" \/>\n<script type=\"application\/ld+json\" class=\"yoast-schema-graph\">{\"@context\":\"https:\/\/schema.org\",\"@graph\":[{\"@type\":\"WebPage\",\"@id\":\"https:\/\/thinkandsell.com\/en\/services\/learning-development\/public-speaking\/\",\"url\":\"https:\/\/thinkandsell.com\/en\/services\/learning-development\/public-speaking\/\",\"name\":\"Public Speaking | THINK&amp;SELL\",\"isPartOf\":{\"@id\":\"https:\/\/thinkandsell.com\/#website\"},\"datePublished\":\"2015-06-24T11:38:06+00:00\",\"breadcrumb\":{\"@id\":\"https:\/\/thinkandsell.com\/en\/services\/learning-development\/public-speaking\/#breadcrumb\"},\"inLanguage\":\"en-US\",\"potentialAction\":[{\"@type\":\"ReadAction\",\"target\":[\"https:\/\/thinkandsell.com\/en\/services\/learning-development\/public-speaking\/\"]}]},{\"@type\":\"BreadcrumbList\",\"@id\":\"https:\/\/thinkandsell.com\/en\/services\/learning-development\/public-speaking\/#breadcrumb\",\"itemListElement\":[{\"@type\":\"ListItem\",\"position\":1,\"name\":\"Portada\",\"item\":\"https:\/\/thinkandsell.com\/en\/\"},{\"@type\":\"ListItem\",\"position\":2,\"name\":\"Services\",\"item\":\"https:\/\/thinkandsell.com\/en\/services\/\"},{\"@type\":\"ListItem\",\"position\":3,\"name\":\"Learning &#038; Development\",\"item\":\"https:\/\/thinkandsell.com\/en\/services\/learning-development\/\"},{\"@type\":\"ListItem\",\"position\":4,\"name\":\"Public Speaking\"}]},{\"@type\":\"WebSite\",\"@id\":\"https:\/\/thinkandsell.com\/#website\",\"url\":\"https:\/\/thinkandsell.com\/\",\"name\":\"THINK&SELL\",\"description\":\"Consultor\u00eda de marketing y procesos en Madrid, Espa\u00f1a\",\"publisher\":{\"@id\":\"https:\/\/thinkandsell.com\/#organization\"},\"potentialAction\":[{\"@type\":\"SearchAction\",\"target\":{\"@type\":\"EntryPoint\",\"urlTemplate\":\"https:\/\/thinkandsell.com\/?s={search_term_string}\"},\"query-input\":{\"@type\":\"PropertyValueSpecification\",\"valueRequired\":true,\"valueName\":\"search_term_string\"}}],\"inLanguage\":\"en-US\"},{\"@type\":\"Organization\",\"@id\":\"https:\/\/thinkandsell.com\/#organization\",\"name\":\"THINK&SELL\",\"url\":\"https:\/\/thinkandsell.com\/\",\"logo\":{\"@type\":\"ImageObject\",\"inLanguage\":\"en-US\",\"@id\":\"https:\/\/thinkandsell.com\/#\/schema\/logo\/image\/\",\"url\":\"https:\/\/thinkandsell.com\/wp-content\/uploads\/2015\/06\/think-sell-logo.jpg\",\"contentUrl\":\"https:\/\/thinkandsell.com\/wp-content\/uploads\/2015\/06\/think-sell-logo.jpg\",\"width\":200,\"height\":200,\"caption\":\"THINK&SELL\"},\"image\":{\"@id\":\"https:\/\/thinkandsell.com\/#\/schema\/logo\/image\/\"},\"sameAs\":[\"https:\/\/www.facebook.com\/thinkandsell\",\"https:\/\/x.com\/Jorgethink\",\"https:\/\/www.linkedin.com\/company\/think&sell\"]}]}<\/script>\n<!-- \/ Yoast SEO plugin. -->","yoast_head_json":{"title":"Public Speaking | THINK&amp;SELL","robots":{"index":"index","follow":"follow","max-snippet":"max-snippet:-1","max-image-preview":"max-image-preview:large","max-video-preview":"max-video-preview:-1"},"canonical":"https:\/\/thinkandsell.com\/en\/services\/learning-development\/public-speaking\/","og_locale":"en_US","og_type":"article","og_title":"Public Speaking | THINK&amp;SELL","og_url":"https:\/\/thinkandsell.com\/en\/services\/learning-development\/public-speaking\/","og_site_name":"THINK&amp;SELL","article_publisher":"https:\/\/www.facebook.com\/thinkandsell","og_image":[{"width":200,"height":200,"url":"https:\/\/thinkandsell.com\/wp-content\/uploads\/2015\/06\/think-sell-logo.jpg","type":"image\/jpeg"}],"twitter_card":"summary_large_image","twitter_site":"@Jorgethink","schema":{"@context":"https:\/\/schema.org","@graph":[{"@type":"WebPage","@id":"https:\/\/thinkandsell.com\/en\/services\/learning-development\/public-speaking\/","url":"https:\/\/thinkandsell.com\/en\/services\/learning-development\/public-speaking\/","name":"Public Speaking | THINK&amp;SELL","isPartOf":{"@id":"https:\/\/thinkandsell.com\/#website"},"datePublished":"2015-06-24T11:38:06+00:00","breadcrumb":{"@id":"https:\/\/thinkandsell.com\/en\/services\/learning-development\/public-speaking\/#breadcrumb"},"inLanguage":"en-US","potentialAction":[{"@type":"ReadAction","target":["https:\/\/thinkandsell.com\/en\/services\/learning-development\/public-speaking\/"]}]},{"@type":"BreadcrumbList","@id":"https:\/\/thinkandsell.com\/en\/services\/learning-development\/public-speaking\/#breadcrumb","itemListElement":[{"@type":"ListItem","position":1,"name":"Portada","item":"https:\/\/thinkandsell.com\/en\/"},{"@type":"ListItem","position":2,"name":"Services","item":"https:\/\/thinkandsell.com\/en\/services\/"},{"@type":"ListItem","position":3,"name":"Learning &#038; Development","item":"https:\/\/thinkandsell.com\/en\/services\/learning-development\/"},{"@type":"ListItem","position":4,"name":"Public Speaking"}]},{"@type":"WebSite","@id":"https:\/\/thinkandsell.com\/#website","url":"https:\/\/thinkandsell.com\/","name":"THINK&SELL","description":"Consultor\u00eda de marketing y procesos en Madrid, Espa\u00f1a","publisher":{"@id":"https:\/\/thinkandsell.com\/#organization"},"potentialAction":[{"@type":"SearchAction","target":{"@type":"EntryPoint","urlTemplate":"https:\/\/thinkandsell.com\/?s={search_term_string}"},"query-input":{"@type":"PropertyValueSpecification","valueRequired":true,"valueName":"search_term_string"}}],"inLanguage":"en-US"},{"@type":"Organization","@id":"https:\/\/thinkandsell.com\/#organization","name":"THINK&SELL","url":"https:\/\/thinkandsell.com\/","logo":{"@type":"ImageObject","inLanguage":"en-US","@id":"https:\/\/thinkandsell.com\/#\/schema\/logo\/image\/","url":"https:\/\/thinkandsell.com\/wp-content\/uploads\/2015\/06\/think-sell-logo.jpg","contentUrl":"https:\/\/thinkandsell.com\/wp-content\/uploads\/2015\/06\/think-sell-logo.jpg","width":200,"height":200,"caption":"THINK&SELL"},"image":{"@id":"https:\/\/thinkandsell.com\/#\/schema\/logo\/image\/"},"sameAs":["https:\/\/www.facebook.com\/thinkandsell","https:\/\/x.com\/Jorgethink","https:\/\/www.linkedin.com\/company\/think&sell"]}]}},"jetpack_shortlink":"https:\/\/wp.me\/P2wG0N-Y7","jetpack-related-posts":[{"id":156,"url":"https:\/\/thinkandsell.com\/servicios\/branding\/social-media-branding\/","url_meta":{"origin":3727,"position":0},"title":"Social Media Branding","author":"Jorge Gonz\u00e1lez","date":"14 March, 2012","format":false,"excerpt":"Cada marca debe tener su propia estrategia de branding en las redes sociales y expresarse a trav\u00e9s de un lenguaje escrito y audiovisual \u00a0propio que conecte con su p\u00fablico y \u00a0la diferencie de su competencia. En THINK&SELL consideramos que las empresas deben integrar aquellas \u00a0redes sociales que mejor se adapten\u00a0\u2026","rel":"","context":"Similar post","block_context":{"text":"Similar post","link":""},"img":{"alt_text":"","src":"","width":0,"height":0},"classes":[]},{"id":142,"url":"https:\/\/thinkandsell.com\/servicios\/branding\/auditoria-de-marca-y-posicionamiento\/","url_meta":{"origin":3727,"position":1},"title":"Auditoria de Marca y Posicionamiento","author":"Jorge Gonz\u00e1lez","date":"14 March, 2012","format":false,"excerpt":"\u00bfC\u00f3mo le ven sus clientes? \u00bfSe ajusta la percepci\u00f3n que tienen de su organizaci\u00f3n a c\u00f3mo deber\u00eda ser percibida? En THINK&SELL consideramos que una marca es la suma de todas y cada una de las sensaciones, percepciones y experiencias que una persona tiene como resultado del contacto con una organizaci\u00f3n,\u2026","rel":"","context":"Similar post","block_context":{"text":"Similar post","link":""},"img":{"alt_text":"","src":"","width":0,"height":0},"classes":[]},{"id":198,"url":"https:\/\/thinkandsell.com\/servicios\/transformacion-digital\/marketing-digital-analitica-y-usos-de-la-inteligencia-artificial\/","url_meta":{"origin":3727,"position":2},"title":"Marketing digital, anal\u00edtica y usos de la inteligencia artificial","author":"Jorge Gonz\u00e1lez","date":"14 March, 2012","format":false,"excerpt":"\u00danicamente comprendiendo c\u00f3mo se desenvuelven las personas en el ecosistema digital, seremos capaces de convertirlas en clientes valiosos para nuestras marcas. En THINK&SELL, entendemos el \u00a0Marketing Online como la integraci\u00f3n eficiente de siete canales: Posicionamiento org\u00e1nico en buscadores (Search Engine Optimization-SEO), cuyo objetivo es conseguir que el sitio web del\u2026","rel":"","context":"Similar post","block_context":{"text":"Similar post","link":""},"img":{"alt_text":"","src":"","width":0,"height":0},"classes":[]},{"id":149,"url":"https:\/\/thinkandsell.com\/servicios\/branding\/rebranding\/","url_meta":{"origin":3727,"position":3},"title":"Rebranding","author":"Jorge Gonz\u00e1lez","date":"14 March, 2012","format":false,"excerpt":"\u00bfEs coherente su imagen con su posicionamiento? \u00bfNecesita renovar la imagen de su organizaci\u00f3n? De la misma manera que el mundo en que vivimos es din\u00e1mico y est\u00e1 en constante cambio, las marcas cambian con el curso del tiempo, pues deben adaptarse a nuevas realidades econ\u00f3micas, culturales y sociales para\u2026","rel":"","context":"Similar post","block_context":{"text":"Similar post","link":""},"img":{"alt_text":"","src":"","width":0,"height":0},"classes":[]},{"id":80,"url":"https:\/\/thinkandsell.com\/servicios\/comunicacion\/","url_meta":{"origin":3727,"position":4},"title":"Comunicaci\u00f3n","author":"Jorge Gonz\u00e1lez","date":"13 March, 2012","format":false,"excerpt":"Consideramos la comunicaci\u00f3n como el v\u00e9rtice rector de todas las relaciones humanas. Independientemente de los niveles y canales por los que se desarrolle, gracias a la comunicaci\u00f3n somos capaces de entender a los dem\u00e1s, relacionarnos, aprender, ense\u00f1ar, construir v\u00ednculos, transmitir confianza, e influir.","rel":"","context":"Similar post","block_context":{"text":"Similar post","link":""},"img":{"alt_text":"Servicio de Comunicaci\u00f3n","src":"https:\/\/i0.wp.com\/thinkandsell.com\/wp-content\/uploads\/2012\/03\/comunicacion-servicios-2.gif?resize=350%2C200&ssl=1","width":350,"height":200,"srcset":"https:\/\/i0.wp.com\/thinkandsell.com\/wp-content\/uploads\/2012\/03\/comunicacion-servicios-2.gif?resize=350%2C200&ssl=1 1x, https:\/\/i0.wp.com\/thinkandsell.com\/wp-content\/uploads\/2012\/03\/comunicacion-servicios-2.gif?resize=525%2C300&ssl=1 1.5x, https:\/\/i0.wp.com\/thinkandsell.com\/wp-content\/uploads\/2012\/03\/comunicacion-servicios-2.gif?resize=700%2C400&ssl=1 2x"},"classes":[]},{"id":152,"url":"https:\/\/thinkandsell.com\/servicios\/branding\/place-branding\/","url_meta":{"origin":3727,"position":5},"title":"Place Branding","author":"Jorge Gonz\u00e1lez","date":"14 March, 2012","format":false,"excerpt":"Poseer una marca de \u00e9xito se ha convertido en un activo clave para cualquier lugar, ya sea un pa\u00eds, una ciudad, un municipio, o incluso un barrio. Las marcas de lugares m\u00e1s exitosas, se basan en estados de \u00e1nimo, en realidades presentes que primero conceptualizan y despu\u00e9s promueven. La competencia\u2026","rel":"","context":"Similar post","block_context":{"text":"Similar post","link":""},"img":{"alt_text":"Place branding New york city cab taxi","src":"https:\/\/i0.wp.com\/thinkandsell.com\/wp-content\/uploads\/2012\/03\/Place-Branding.jpg?resize=350%2C200&ssl=1","width":350,"height":200,"srcset":"https:\/\/i0.wp.com\/thinkandsell.com\/wp-content\/uploads\/2012\/03\/Place-Branding.jpg?resize=350%2C200&ssl=1 1x, https:\/\/i0.wp.com\/thinkandsell.com\/wp-content\/uploads\/2012\/03\/Place-Branding.jpg?resize=525%2C300&ssl=1 1.5x, https:\/\/i0.wp.com\/thinkandsell.com\/wp-content\/uploads\/2012\/03\/Place-Branding.jpg?resize=700%2C400&ssl=1 2x"},"classes":[]}],"jetpack_sharing_enabled":true,"_links":{"self":[{"href":"https:\/\/thinkandsell.com\/en\/wp-json\/wp\/v2\/pages\/3727","targetHints":{"allow":["GET"]}}],"collection":[{"href":"https:\/\/thinkandsell.com\/en\/wp-json\/wp\/v2\/pages"}],"about":[{"href":"https:\/\/thinkandsell.com\/en\/wp-json\/wp\/v2\/types\/page"}],"author":[{"embeddable":true,"href":"https:\/\/thinkandsell.com\/en\/wp-json\/wp\/v2\/users\/1"}],"replies":[{"embeddable":true,"href":"https:\/\/thinkandsell.com\/en\/wp-json\/wp\/v2\/comments?post=3727"}],"version-history":[{"count":0,"href":"https:\/\/thinkandsell.com\/en\/wp-json\/wp\/v2\/pages\/3727\/revisions"}],"up":[{"embeddable":true,"href":"https:\/\/thinkandsell.com\/en\/wp-json\/wp\/v2\/pages\/3725"}],"wp:attachment":[{"href":"https:\/\/thinkandsell.com\/en\/wp-json\/wp\/v2\/media?parent=3727"}],"curies":[{"name":"wp","href":"https:\/\/api.w.org\/{rel}","templated":true}]}}