{"id":3686,"date":"2015-06-24T13:24:51","date_gmt":"2015-06-24T11:24:51","guid":{"rendered":"https:\/\/thinkandsell.com\/en\/?page_id=3686"},"modified":"2021-02-19T01:41:54","modified_gmt":"2021-02-19T00:41:54","slug":"contact","status":"publish","type":"page","link":"https:\/\/thinkandsell.com\/en\/contact\/","title":{"rendered":"Contact"},"content":{"rendered":"<div class=\"wphack-aftermaps\">\n<h2>Address<\/h2>\n<p>C\/ Cartagena 93 5-1<br \/>\n28028 Madrid<\/p>\n<h2>Phone<\/h2>\n<p>Tel. <a href=\"tel:0034917251327\" target=\"_blank\" rel=\"noopener\">(0034) 91 725 13 27<\/a><\/p>\n<h2>Email<\/h2>\n<p><a href=\"mailto:hola@thinkandsell.com\" target=\"_blank\" rel=\"noopener\">hola@thinkandsell.com<\/a><\/p>\n<p><a href=\"http:\/\/maps.google.es\/maps?rls=com.microsoft:es:IE-Address&amp;oe=UTF-8&amp;rlz=1I7FUJC_es&amp;redir_esc=&amp;q=cartagena+93+madrid&amp;um=1&amp;ie=UTF-8&amp;hq=&amp;hnear=0xd4228c60faa5bb1:0x3e053fb5de212530%2cCalle+de+Cartagena%2c+93%2c+28028+Madrid&amp;gl=es&amp;ei=LK-NT7H7POnD0QXC-7nZDA&amp;sa=X&amp;oi=geocode_result&amp;ct=title&amp;resnum=1&amp;ved=0CCwQ8gEwAA\" target=\"_blank\" rel=\"noopener\">See location on map<\/a><\/p>\n<\/div>\n","protected":false},"excerpt":{"rendered":"<p>Address C\/ Cartagena 93 5-1 28028 Madrid Phone Tel. (0034) 91 725 13 27 Email hola@thinkandsell.com See location on map<\/p>\n","protected":false},"author":1,"featured_media":0,"parent":0,"menu_order":6,"comment_status":"closed","ping_status":"closed","template":"template-contact-page.php","meta":{"_acf_changed":false,"jetpack_post_was_ever_published":false},"class_list":["post-3686","page","type-page","status-publish","hentry"],"acf":[],"yoast_head":"<!-- This site is optimized with the Yoast SEO plugin v26.8 - https:\/\/yoast.com\/product\/yoast-seo-wordpress\/ -->\n<title>Contact | THINK&amp;SELL<\/title>\n<meta name=\"description\" content=\"Address C\/ Cartagena 93 5-1 28028 Madrid Phone Tel. (0034) 91 725 13 27 Email hola@thinkandsell.com See location on map\" \/>\n<meta name=\"robots\" content=\"index, follow, max-snippet:-1, max-image-preview:large, max-video-preview:-1\" \/>\n<link rel=\"canonical\" href=\"https:\/\/thinkandsell.com\/en\/contact\/\" \/>\n<meta property=\"og:locale\" content=\"en_US\" \/>\n<meta property=\"og:type\" content=\"article\" \/>\n<meta property=\"og:title\" content=\"Contact | THINK&amp;SELL\" \/>\n<meta property=\"og:description\" content=\"Address C\/ Cartagena 93 5-1 28028 Madrid Phone Tel. (0034) 91 725 13 27 Email hola@thinkandsell.com See location on map\" \/>\n<meta property=\"og:url\" content=\"https:\/\/thinkandsell.com\/en\/contact\/\" \/>\n<meta property=\"og:site_name\" content=\"THINK&amp;SELL\" \/>\n<meta property=\"article:publisher\" content=\"https:\/\/www.facebook.com\/thinkandsell\" \/>\n<meta property=\"article:modified_time\" content=\"2021-02-19T00:41:54+00:00\" \/>\n<meta property=\"og:image\" content=\"https:\/\/thinkandsell.com\/wp-content\/uploads\/2015\/06\/think-sell-logo.jpg\" \/>\n\t<meta property=\"og:image:width\" content=\"200\" \/>\n\t<meta property=\"og:image:height\" content=\"200\" \/>\n\t<meta property=\"og:image:type\" content=\"image\/jpeg\" \/>\n<meta name=\"twitter:card\" content=\"summary_large_image\" \/>\n<meta name=\"twitter:site\" content=\"@Jorgethink\" \/>\n<meta name=\"twitter:label1\" content=\"Est. reading time\" \/>\n\t<meta name=\"twitter:data1\" content=\"1 minute\" \/>\n<script type=\"application\/ld+json\" class=\"yoast-schema-graph\">{\"@context\":\"https:\/\/schema.org\",\"@graph\":[{\"@type\":\"WebPage\",\"@id\":\"https:\/\/thinkandsell.com\/en\/contact\/\",\"url\":\"https:\/\/thinkandsell.com\/en\/contact\/\",\"name\":\"Contact | THINK&amp;SELL\",\"isPartOf\":{\"@id\":\"https:\/\/thinkandsell.com\/#website\"},\"datePublished\":\"2015-06-24T11:24:51+00:00\",\"dateModified\":\"2021-02-19T00:41:54+00:00\",\"description\":\"Address C\/ Cartagena 93 5-1 28028 Madrid Phone Tel. (0034) 91 725 13 27 Email hola@thinkandsell.com See location on map\",\"breadcrumb\":{\"@id\":\"https:\/\/thinkandsell.com\/en\/contact\/#breadcrumb\"},\"inLanguage\":\"en-US\",\"potentialAction\":[{\"@type\":\"ReadAction\",\"target\":[\"https:\/\/thinkandsell.com\/en\/contact\/\"]}]},{\"@type\":\"BreadcrumbList\",\"@id\":\"https:\/\/thinkandsell.com\/en\/contact\/#breadcrumb\",\"itemListElement\":[{\"@type\":\"ListItem\",\"position\":1,\"name\":\"Portada\",\"item\":\"https:\/\/thinkandsell.com\/en\/\"},{\"@type\":\"ListItem\",\"position\":2,\"name\":\"Contact\"}]},{\"@type\":\"WebSite\",\"@id\":\"https:\/\/thinkandsell.com\/#website\",\"url\":\"https:\/\/thinkandsell.com\/\",\"name\":\"THINK&SELL\",\"description\":\"Consultor\u00eda de marketing y procesos en Madrid, Espa\u00f1a\",\"publisher\":{\"@id\":\"https:\/\/thinkandsell.com\/#organization\"},\"potentialAction\":[{\"@type\":\"SearchAction\",\"target\":{\"@type\":\"EntryPoint\",\"urlTemplate\":\"https:\/\/thinkandsell.com\/?s={search_term_string}\"},\"query-input\":{\"@type\":\"PropertyValueSpecification\",\"valueRequired\":true,\"valueName\":\"search_term_string\"}}],\"inLanguage\":\"en-US\"},{\"@type\":\"Organization\",\"@id\":\"https:\/\/thinkandsell.com\/#organization\",\"name\":\"THINK&SELL\",\"url\":\"https:\/\/thinkandsell.com\/\",\"logo\":{\"@type\":\"ImageObject\",\"inLanguage\":\"en-US\",\"@id\":\"https:\/\/thinkandsell.com\/#\/schema\/logo\/image\/\",\"url\":\"https:\/\/thinkandsell.com\/wp-content\/uploads\/2015\/06\/think-sell-logo.jpg\",\"contentUrl\":\"https:\/\/thinkandsell.com\/wp-content\/uploads\/2015\/06\/think-sell-logo.jpg\",\"width\":200,\"height\":200,\"caption\":\"THINK&SELL\"},\"image\":{\"@id\":\"https:\/\/thinkandsell.com\/#\/schema\/logo\/image\/\"},\"sameAs\":[\"https:\/\/www.facebook.com\/thinkandsell\",\"https:\/\/x.com\/Jorgethink\",\"https:\/\/www.linkedin.com\/company\/think&sell\"]}]}<\/script>\n<!-- \/ Yoast SEO plugin. -->","yoast_head_json":{"title":"Contact | THINK&amp;SELL","description":"Address C\/ Cartagena 93 5-1 28028 Madrid Phone Tel. (0034) 91 725 13 27 Email hola@thinkandsell.com See location on map","robots":{"index":"index","follow":"follow","max-snippet":"max-snippet:-1","max-image-preview":"max-image-preview:large","max-video-preview":"max-video-preview:-1"},"canonical":"https:\/\/thinkandsell.com\/en\/contact\/","og_locale":"en_US","og_type":"article","og_title":"Contact | THINK&amp;SELL","og_description":"Address C\/ Cartagena 93 5-1 28028 Madrid Phone Tel. (0034) 91 725 13 27 Email hola@thinkandsell.com See location on map","og_url":"https:\/\/thinkandsell.com\/en\/contact\/","og_site_name":"THINK&amp;SELL","article_publisher":"https:\/\/www.facebook.com\/thinkandsell","article_modified_time":"2021-02-19T00:41:54+00:00","og_image":[{"width":200,"height":200,"url":"https:\/\/thinkandsell.com\/wp-content\/uploads\/2015\/06\/think-sell-logo.jpg","type":"image\/jpeg"}],"twitter_card":"summary_large_image","twitter_site":"@Jorgethink","twitter_misc":{"Est. reading time":"1 minute"},"schema":{"@context":"https:\/\/schema.org","@graph":[{"@type":"WebPage","@id":"https:\/\/thinkandsell.com\/en\/contact\/","url":"https:\/\/thinkandsell.com\/en\/contact\/","name":"Contact | THINK&amp;SELL","isPartOf":{"@id":"https:\/\/thinkandsell.com\/#website"},"datePublished":"2015-06-24T11:24:51+00:00","dateModified":"2021-02-19T00:41:54+00:00","description":"Address C\/ Cartagena 93 5-1 28028 Madrid Phone Tel. (0034) 91 725 13 27 Email hola@thinkandsell.com See location on map","breadcrumb":{"@id":"https:\/\/thinkandsell.com\/en\/contact\/#breadcrumb"},"inLanguage":"en-US","potentialAction":[{"@type":"ReadAction","target":["https:\/\/thinkandsell.com\/en\/contact\/"]}]},{"@type":"BreadcrumbList","@id":"https:\/\/thinkandsell.com\/en\/contact\/#breadcrumb","itemListElement":[{"@type":"ListItem","position":1,"name":"Portada","item":"https:\/\/thinkandsell.com\/en\/"},{"@type":"ListItem","position":2,"name":"Contact"}]},{"@type":"WebSite","@id":"https:\/\/thinkandsell.com\/#website","url":"https:\/\/thinkandsell.com\/","name":"THINK&SELL","description":"Consultor\u00eda de marketing y procesos en Madrid, Espa\u00f1a","publisher":{"@id":"https:\/\/thinkandsell.com\/#organization"},"potentialAction":[{"@type":"SearchAction","target":{"@type":"EntryPoint","urlTemplate":"https:\/\/thinkandsell.com\/?s={search_term_string}"},"query-input":{"@type":"PropertyValueSpecification","valueRequired":true,"valueName":"search_term_string"}}],"inLanguage":"en-US"},{"@type":"Organization","@id":"https:\/\/thinkandsell.com\/#organization","name":"THINK&SELL","url":"https:\/\/thinkandsell.com\/","logo":{"@type":"ImageObject","inLanguage":"en-US","@id":"https:\/\/thinkandsell.com\/#\/schema\/logo\/image\/","url":"https:\/\/thinkandsell.com\/wp-content\/uploads\/2015\/06\/think-sell-logo.jpg","contentUrl":"https:\/\/thinkandsell.com\/wp-content\/uploads\/2015\/06\/think-sell-logo.jpg","width":200,"height":200,"caption":"THINK&SELL"},"image":{"@id":"https:\/\/thinkandsell.com\/#\/schema\/logo\/image\/"},"sameAs":["https:\/\/www.facebook.com\/thinkandsell","https:\/\/x.com\/Jorgethink","https:\/\/www.linkedin.com\/company\/think&sell"]}]}},"jetpack_shortlink":"https:\/\/wp.me\/P2wG0N-Xs","jetpack-related-posts":[{"id":10,"url":"https:\/\/thinkandsell.com\/contacto\/","url_meta":{"origin":3686,"position":0},"title":"Contacto","author":"Jorge Gonz\u00e1lez","date":"12 March, 2012","format":false,"excerpt":"Direcci\u00f3n C\/ Cartagena 93 28028 Madrid Tel\u00e9fono Tel. (0034) 91 725 13 27 Email hola@thinkandsell.com Ver ubicaci\u00f3n en mapa","rel":"","context":"Similar post","block_context":{"text":"Similar post","link":""},"img":{"alt_text":"","src":"","width":0,"height":0},"classes":[]},{"id":3886,"url":"https:\/\/thinkandsell.com\/en\/legal-notice\/","url_meta":{"origin":3686,"position":1},"title":"Legal Notice","author":"Jorge Gonz\u00e1lez","date":"16 July, 2015","format":false,"excerpt":"1. Legal information and acceptance These regulations govern the use of the Internet website service (hereinafter the \"Site\") that THINK&SELL Consulting,SL (hereinafter, \"THINK&SELL\") makes available to Internet users. THINK&SELL established in C\/Cartagena 93, 28028 Madrid, Spain, with TAX ID (CIF) number: B 85969822 is registered in the Mercantile Registry of\u2026","rel":"","context":"Similar post","block_context":{"text":"Similar post","link":""},"img":{"alt_text":"","src":"","width":0,"height":0},"classes":[]},{"id":3682,"url":"https:\/\/thinkandsell.com\/en\/services\/digital-transformation\/agile\/","url_meta":{"origin":3686,"position":2},"title":"Agile","author":"Jorge Gonz\u00e1lez","date":"24 June, 2015","format":false,"excerpt":"Augmented Reality consists in overlaying information from the internet, or from an app, onto a view of a real physical space, an object, or an advertisement. Thanks to object and image recognition technology, information about real world that surrounds the user is digitized and becomes interactive. THINK&SELL offers innovative communication\u2026","rel":"","context":"Similar post","block_context":{"text":"Similar post","link":""},"img":{"alt_text":"","src":"","width":0,"height":0},"classes":[]},{"id":3685,"url":"https:\/\/thinkandsell.com\/en\/services\/social-media-the-metaverse\/metaverse-strategy\/","url_meta":{"origin":3686,"position":3},"title":"Metaverse Strategy","author":"Jorge Gonz\u00e1lez","date":"24 June, 2015","format":false,"excerpt":"The greatest achievement of social networks has been to change the internet from\u00a0the technological and cool place it has been until recently, in the warm and human place it is today. The presence in social networks has become a vital element of an online marketing strategy of any competitive business,\u2026","rel":"","context":"Similar post","block_context":{"text":"Similar post","link":""},"img":{"alt_text":"","src":"","width":0,"height":0},"classes":[]},{"id":3661,"url":"https:\/\/thinkandsell.com\/en\/services\/branding\/brand-positioning-audit\/","url_meta":{"origin":3686,"position":4},"title":"Brand &#038; Positioning Audit","author":"Jorge Gonz\u00e1lez","date":"24 June, 2015","format":false,"excerpt":"How do your customers see your brand? Does the perception of your organization fit on how it should be perceived? At THINK&SELL we consider that a brand is the combination of all the feelings, perceptions and experiences a person has as a result of the contact with an organization and\u2026","rel":"","context":"Similar post","block_context":{"text":"Similar post","link":""},"img":{"alt_text":"","src":"","width":0,"height":0},"classes":[]},{"id":376,"url":"https:\/\/thinkandsell.com\/aviso-legal\/","url_meta":{"origin":3686,"position":5},"title":"Aviso Legal","author":"Jorge Gonz\u00e1lez","date":"20 March, 2012","format":false,"excerpt":"1. Informaci\u00f3n legal y aceptaci\u00f3n Bienvenido al sitio Web de THINK&SELL. Este sitio Web tiene por objeto facilitar al p\u00fablico en general la informaci\u00f3n relativa a los servicios de THINK&SELL. Las presentes disposiciones regulan el uso del servicio del sitio de Internet (en adelante, el \u201csitio\u201d) que THINK&SELL Consulting, S.L.\u2026","rel":"","context":"Similar post","block_context":{"text":"Similar post","link":""},"img":{"alt_text":"","src":"","width":0,"height":0},"classes":[]}],"jetpack_sharing_enabled":true,"_links":{"self":[{"href":"https:\/\/thinkandsell.com\/en\/wp-json\/wp\/v2\/pages\/3686","targetHints":{"allow":["GET"]}}],"collection":[{"href":"https:\/\/thinkandsell.com\/en\/wp-json\/wp\/v2\/pages"}],"about":[{"href":"https:\/\/thinkandsell.com\/en\/wp-json\/wp\/v2\/types\/page"}],"author":[{"embeddable":true,"href":"https:\/\/thinkandsell.com\/en\/wp-json\/wp\/v2\/users\/1"}],"replies":[{"embeddable":true,"href":"https:\/\/thinkandsell.com\/en\/wp-json\/wp\/v2\/comments?post=3686"}],"version-history":[{"count":0,"href":"https:\/\/thinkandsell.com\/en\/wp-json\/wp\/v2\/pages\/3686\/revisions"}],"wp:attachment":[{"href":"https:\/\/thinkandsell.com\/en\/wp-json\/wp\/v2\/media?parent=3686"}],"curies":[{"name":"wp","href":"https:\/\/api.w.org\/{rel}","templated":true}]}}