{"id":3678,"date":"2015-06-24T13:04:13","date_gmt":"2015-06-24T11:04:13","guid":{"rendered":"https:\/\/thinkandsell.com\/en\/?page_id=3678"},"modified":"2023-09-05T16:27:07","modified_gmt":"2023-09-05T14:27:07","slug":"digital-marketing-analytics-artificial-intelligence","status":"publish","type":"page","link":"https:\/\/thinkandsell.com\/en\/services\/digital-transformation\/digital-marketing-analytics-artificial-intelligence\/","title":{"rendered":"Digital Marketing, Analytics &#038; Artificial Intelligence"},"content":{"rendered":"<p><strong>Only understanding how people operate on the digital ecosystem, we will be able to turn them into valuable customers for\u00a0our brands.<\/strong><\/p>\n<p>At THINK&#038;SELL we understand Marketing Online as the efficient integration of seven channels:<\/p>\n<p><strong>Organic positioning in search engines (Search Engine Optimization-SEO)<\/strong>, whose objective is to get the client&#8217;s website appears among the top results (not always possible to reach top position in markets with high competition) for the chosen keywords through actions that optimize website\u2019s architecture and design (On Site SEO) and actions in its environment (Off-Site SEO).<\/p>\n<p><strong>Pay positioning in search engines (Adwords)<\/strong>, whose goal is the same as SEO, but trying to reach top positions in search results through sponsored links, ie, pay per click (PPC). Initially it is usual to combine SEO and Adwords to reach top positions in what is known as SEM (Search Engine Marketing)<strong><\/strong><\/p>\n<p><strong>Display advertising<\/strong>, which represents a great quantity of the opportunities offered \u00a0by the\u00a0internet to communicate your products and \/ or services in a graphical or audio way through different ad formats like banners, skyscrapers, videos&#8230; in high-traffic sites.<\/p>\n<p><strong>Retargeting<\/strong>, a technique where you can reconnect with the people who showed interest in any of your products or services \u2013but did not purchase them- using advertising spaces on other websites for those who continue browsing. Thanks to this, advertising is aimed to people who have an interest in your brand, maximizing the chances of conversion and ROI.<\/p>\n<p><strong>Newsletter \/ e-mailing<\/strong>, it consists in sending in a segmented and customized way informative or commercial messages to many people via email. Using opt-in policy and properly planning messages\u2019 frequency, it is a key tool in branding to maintain its positioning.<\/p>\n<p><strong>Affiliate programs<\/strong>, which allow any company, regardless size and resources, to advertise on many websites, and reach a great number of potential customers. That\u2019s performance marketing: advertisers pay to members according to their objectives: new referrals users, records, or referred sales. The advertisements are deployed on professional networks who have thousands of supports and affiliate sites, where advertisers are advertised, allowing to generate benefits for members depending on campaign effectiveness.<\/p>\n<p><strong>Social Media<\/strong>, where what is said about your brand matters more than what your advertising says. Social media have gone from being a mere entertainment to become an indispensable part of the marketing strategy of all organizations that are thriving today.<\/p>\n<p>At THINK&#038;SELL we study your organization\u2019s market and objectives, and create, develop and implement tailored online marketing plans or specific actions plans, integrating them into existing online and offline plans. We do care about your brand and your business reputation, optimizing your marketing budget to achieve maximum ROI.<\/p>\n","protected":false},"excerpt":{"rendered":"<p>Only understanding how people operate on the digital ecosystem, we will be able to turn them into valuable customers for\u00a0our brands. At THINK&#038;SELL we understand Marketing Online as the efficient integration of seven channels: Organic positioning in search engines (Search Engine Optimization-SEO), whose objective is to get the client&#8217;s website appears among the top results [&hellip;]<\/p>\n","protected":false},"author":1,"featured_media":0,"parent":3676,"menu_order":2,"comment_status":"closed","ping_status":"closed","template":"","meta":{"_acf_changed":false,"jetpack_post_was_ever_published":false},"class_list":["post-3678","page","type-page","status-publish","hentry"],"acf":[],"yoast_head":"<!-- This site is optimized with the Yoast SEO plugin v26.8 - https:\/\/yoast.com\/product\/yoast-seo-wordpress\/ -->\n<title>Digital Marketing, Analytics &amp; Artificial Intelligence | THINK&amp;SELL<\/title>\n<meta name=\"description\" content=\"At THINK&amp;SELL we help our clients to successfully define, design and manage their online presence.\" \/>\n<meta name=\"robots\" content=\"index, follow, max-snippet:-1, max-image-preview:large, max-video-preview:-1\" \/>\n<link rel=\"canonical\" href=\"https:\/\/thinkandsell.com\/en\/services\/digital-transformation\/digital-marketing-analytics-artificial-intelligence\/\" \/>\n<meta property=\"og:locale\" content=\"en_US\" \/>\n<meta property=\"og:type\" content=\"article\" \/>\n<meta property=\"og:title\" content=\"Digital Marketing, Analytics &amp; Artificial Intelligence | THINK&amp;SELL\" \/>\n<meta property=\"og:description\" content=\"At THINK&amp;SELL we help our clients to successfully define, design and manage their online presence.\" \/>\n<meta property=\"og:url\" content=\"https:\/\/thinkandsell.com\/en\/services\/digital-transformation\/digital-marketing-analytics-artificial-intelligence\/\" \/>\n<meta property=\"og:site_name\" content=\"THINK&amp;SELL\" \/>\n<meta property=\"article:publisher\" content=\"https:\/\/www.facebook.com\/thinkandsell\" \/>\n<meta property=\"article:modified_time\" content=\"2023-09-05T14:27:07+00:00\" \/>\n<meta property=\"og:image\" content=\"https:\/\/thinkandsell.com\/wp-content\/uploads\/2015\/06\/think-sell-logo.jpg\" \/>\n\t<meta property=\"og:image:width\" content=\"200\" \/>\n\t<meta property=\"og:image:height\" content=\"200\" \/>\n\t<meta property=\"og:image:type\" content=\"image\/jpeg\" \/>\n<meta name=\"twitter:card\" content=\"summary_large_image\" \/>\n<meta name=\"twitter:site\" content=\"@Jorgethink\" \/>\n<meta name=\"twitter:label1\" content=\"Est. reading time\" \/>\n\t<meta name=\"twitter:data1\" content=\"2 minutes\" \/>\n<script type=\"application\/ld+json\" class=\"yoast-schema-graph\">{\"@context\":\"https:\/\/schema.org\",\"@graph\":[{\"@type\":\"WebPage\",\"@id\":\"https:\/\/thinkandsell.com\/en\/services\/digital-transformation\/digital-marketing-analytics-artificial-intelligence\/\",\"url\":\"https:\/\/thinkandsell.com\/en\/services\/digital-transformation\/digital-marketing-analytics-artificial-intelligence\/\",\"name\":\"Digital Marketing, Analytics & Artificial Intelligence | THINK&amp;SELL\",\"isPartOf\":{\"@id\":\"https:\/\/thinkandsell.com\/#website\"},\"datePublished\":\"2015-06-24T11:04:13+00:00\",\"dateModified\":\"2023-09-05T14:27:07+00:00\",\"description\":\"At THINK&SELL we help our clients to successfully define, design and manage their online presence.\",\"breadcrumb\":{\"@id\":\"https:\/\/thinkandsell.com\/en\/services\/digital-transformation\/digital-marketing-analytics-artificial-intelligence\/#breadcrumb\"},\"inLanguage\":\"en-US\",\"potentialAction\":[{\"@type\":\"ReadAction\",\"target\":[\"https:\/\/thinkandsell.com\/en\/services\/digital-transformation\/digital-marketing-analytics-artificial-intelligence\/\"]}]},{\"@type\":\"BreadcrumbList\",\"@id\":\"https:\/\/thinkandsell.com\/en\/services\/digital-transformation\/digital-marketing-analytics-artificial-intelligence\/#breadcrumb\",\"itemListElement\":[{\"@type\":\"ListItem\",\"position\":1,\"name\":\"Portada\",\"item\":\"https:\/\/thinkandsell.com\/en\/\"},{\"@type\":\"ListItem\",\"position\":2,\"name\":\"Services\",\"item\":\"https:\/\/thinkandsell.com\/en\/services\/\"},{\"@type\":\"ListItem\",\"position\":3,\"name\":\"Digital transformation\",\"item\":\"https:\/\/thinkandsell.com\/en\/services\/digital-transformation\/\"},{\"@type\":\"ListItem\",\"position\":4,\"name\":\"Digital Marketing, Analytics &#038; Artificial Intelligence\"}]},{\"@type\":\"WebSite\",\"@id\":\"https:\/\/thinkandsell.com\/#website\",\"url\":\"https:\/\/thinkandsell.com\/\",\"name\":\"THINK&SELL\",\"description\":\"Consultor\u00eda de marketing y procesos en Madrid, Espa\u00f1a\",\"publisher\":{\"@id\":\"https:\/\/thinkandsell.com\/#organization\"},\"potentialAction\":[{\"@type\":\"SearchAction\",\"target\":{\"@type\":\"EntryPoint\",\"urlTemplate\":\"https:\/\/thinkandsell.com\/?s={search_term_string}\"},\"query-input\":{\"@type\":\"PropertyValueSpecification\",\"valueRequired\":true,\"valueName\":\"search_term_string\"}}],\"inLanguage\":\"en-US\"},{\"@type\":\"Organization\",\"@id\":\"https:\/\/thinkandsell.com\/#organization\",\"name\":\"THINK&SELL\",\"url\":\"https:\/\/thinkandsell.com\/\",\"logo\":{\"@type\":\"ImageObject\",\"inLanguage\":\"en-US\",\"@id\":\"https:\/\/thinkandsell.com\/#\/schema\/logo\/image\/\",\"url\":\"https:\/\/thinkandsell.com\/wp-content\/uploads\/2015\/06\/think-sell-logo.jpg\",\"contentUrl\":\"https:\/\/thinkandsell.com\/wp-content\/uploads\/2015\/06\/think-sell-logo.jpg\",\"width\":200,\"height\":200,\"caption\":\"THINK&SELL\"},\"image\":{\"@id\":\"https:\/\/thinkandsell.com\/#\/schema\/logo\/image\/\"},\"sameAs\":[\"https:\/\/www.facebook.com\/thinkandsell\",\"https:\/\/x.com\/Jorgethink\",\"https:\/\/www.linkedin.com\/company\/think&sell\"]}]}<\/script>\n<!-- \/ Yoast SEO plugin. -->","yoast_head_json":{"title":"Digital Marketing, Analytics & Artificial Intelligence | THINK&amp;SELL","description":"At THINK&SELL we help our clients to successfully define, design and manage their online presence.","robots":{"index":"index","follow":"follow","max-snippet":"max-snippet:-1","max-image-preview":"max-image-preview:large","max-video-preview":"max-video-preview:-1"},"canonical":"https:\/\/thinkandsell.com\/en\/services\/digital-transformation\/digital-marketing-analytics-artificial-intelligence\/","og_locale":"en_US","og_type":"article","og_title":"Digital Marketing, Analytics & Artificial Intelligence | THINK&amp;SELL","og_description":"At THINK&SELL we help our clients to successfully define, design and manage their online presence.","og_url":"https:\/\/thinkandsell.com\/en\/services\/digital-transformation\/digital-marketing-analytics-artificial-intelligence\/","og_site_name":"THINK&amp;SELL","article_publisher":"https:\/\/www.facebook.com\/thinkandsell","article_modified_time":"2023-09-05T14:27:07+00:00","og_image":[{"width":200,"height":200,"url":"https:\/\/thinkandsell.com\/wp-content\/uploads\/2015\/06\/think-sell-logo.jpg","type":"image\/jpeg"}],"twitter_card":"summary_large_image","twitter_site":"@Jorgethink","twitter_misc":{"Est. reading time":"2 minutes"},"schema":{"@context":"https:\/\/schema.org","@graph":[{"@type":"WebPage","@id":"https:\/\/thinkandsell.com\/en\/services\/digital-transformation\/digital-marketing-analytics-artificial-intelligence\/","url":"https:\/\/thinkandsell.com\/en\/services\/digital-transformation\/digital-marketing-analytics-artificial-intelligence\/","name":"Digital Marketing, Analytics & Artificial Intelligence | THINK&amp;SELL","isPartOf":{"@id":"https:\/\/thinkandsell.com\/#website"},"datePublished":"2015-06-24T11:04:13+00:00","dateModified":"2023-09-05T14:27:07+00:00","description":"At THINK&SELL we help our clients to successfully define, design and manage their online presence.","breadcrumb":{"@id":"https:\/\/thinkandsell.com\/en\/services\/digital-transformation\/digital-marketing-analytics-artificial-intelligence\/#breadcrumb"},"inLanguage":"en-US","potentialAction":[{"@type":"ReadAction","target":["https:\/\/thinkandsell.com\/en\/services\/digital-transformation\/digital-marketing-analytics-artificial-intelligence\/"]}]},{"@type":"BreadcrumbList","@id":"https:\/\/thinkandsell.com\/en\/services\/digital-transformation\/digital-marketing-analytics-artificial-intelligence\/#breadcrumb","itemListElement":[{"@type":"ListItem","position":1,"name":"Portada","item":"https:\/\/thinkandsell.com\/en\/"},{"@type":"ListItem","position":2,"name":"Services","item":"https:\/\/thinkandsell.com\/en\/services\/"},{"@type":"ListItem","position":3,"name":"Digital transformation","item":"https:\/\/thinkandsell.com\/en\/services\/digital-transformation\/"},{"@type":"ListItem","position":4,"name":"Digital Marketing, Analytics &#038; Artificial Intelligence"}]},{"@type":"WebSite","@id":"https:\/\/thinkandsell.com\/#website","url":"https:\/\/thinkandsell.com\/","name":"THINK&SELL","description":"Consultor\u00eda de marketing y procesos en Madrid, Espa\u00f1a","publisher":{"@id":"https:\/\/thinkandsell.com\/#organization"},"potentialAction":[{"@type":"SearchAction","target":{"@type":"EntryPoint","urlTemplate":"https:\/\/thinkandsell.com\/?s={search_term_string}"},"query-input":{"@type":"PropertyValueSpecification","valueRequired":true,"valueName":"search_term_string"}}],"inLanguage":"en-US"},{"@type":"Organization","@id":"https:\/\/thinkandsell.com\/#organization","name":"THINK&SELL","url":"https:\/\/thinkandsell.com\/","logo":{"@type":"ImageObject","inLanguage":"en-US","@id":"https:\/\/thinkandsell.com\/#\/schema\/logo\/image\/","url":"https:\/\/thinkandsell.com\/wp-content\/uploads\/2015\/06\/think-sell-logo.jpg","contentUrl":"https:\/\/thinkandsell.com\/wp-content\/uploads\/2015\/06\/think-sell-logo.jpg","width":200,"height":200,"caption":"THINK&SELL"},"image":{"@id":"https:\/\/thinkandsell.com\/#\/schema\/logo\/image\/"},"sameAs":["https:\/\/www.facebook.com\/thinkandsell","https:\/\/x.com\/Jorgethink","https:\/\/www.linkedin.com\/company\/think&sell"]}]}},"jetpack_shortlink":"https:\/\/wp.me\/P2wG0N-Xk","jetpack-related-posts":[{"id":198,"url":"https:\/\/thinkandsell.com\/servicios\/transformacion-digital\/marketing-digital-analitica-y-usos-de-la-inteligencia-artificial\/","url_meta":{"origin":3678,"position":0},"title":"Marketing digital, anal\u00edtica y usos de la inteligencia artificial","author":"Jorge Gonz\u00e1lez","date":"14 March, 2012","format":false,"excerpt":"\u00danicamente comprendiendo c\u00f3mo se desenvuelven las personas en el ecosistema digital, seremos capaces de convertirlas en clientes valiosos para nuestras marcas. En THINK&SELL, entendemos el \u00a0Marketing Online como la integraci\u00f3n eficiente de siete canales: Posicionamiento org\u00e1nico en buscadores (Search Engine Optimization-SEO), cuyo objetivo es conseguir que el sitio web del\u2026","rel":"","context":"Similar post","block_context":{"text":"Similar post","link":""},"img":{"alt_text":"","src":"","width":0,"height":0},"classes":[]},{"id":3668,"url":"https:\/\/thinkandsell.com\/en\/services\/communication\/","url_meta":{"origin":3678,"position":1},"title":"Communication","author":"Jorge Gonz\u00e1lez","date":"24 June, 2015","format":false,"excerpt":"We consider communication as the cornerstone of all human relationships. Thanks to communication, regardless of levels and channels where it is developed, we are able to understand people, interact, learn, teach, build bonds, convey confidence and exert influence.","rel":"","context":"Similar post","block_context":{"text":"Similar post","link":""},"img":{"alt_text":"Communication skills","src":"https:\/\/i0.wp.com\/thinkandsell.com\/wp-content\/uploads\/2012\/03\/COMMUNICATION.gif?resize=350%2C200&ssl=1","width":350,"height":200,"srcset":"https:\/\/i0.wp.com\/thinkandsell.com\/wp-content\/uploads\/2012\/03\/COMMUNICATION.gif?resize=350%2C200&ssl=1 1x, https:\/\/i0.wp.com\/thinkandsell.com\/wp-content\/uploads\/2012\/03\/COMMUNICATION.gif?resize=525%2C300&ssl=1 1.5x, https:\/\/i0.wp.com\/thinkandsell.com\/wp-content\/uploads\/2012\/03\/COMMUNICATION.gif?resize=700%2C400&ssl=1 2x"},"classes":[]},{"id":3685,"url":"https:\/\/thinkandsell.com\/en\/services\/social-media-the-metaverse\/metaverse-strategy\/","url_meta":{"origin":3678,"position":2},"title":"Metaverse Strategy","author":"Jorge Gonz\u00e1lez","date":"24 June, 2015","format":false,"excerpt":"The greatest achievement of social networks has been to change the internet from\u00a0the technological and cool place it has been until recently, in the warm and human place it is today. The presence in social networks has become a vital element of an online marketing strategy of any competitive business,\u2026","rel":"","context":"Similar post","block_context":{"text":"Similar post","link":""},"img":{"alt_text":"","src":"","width":0,"height":0},"classes":[]},{"id":3660,"url":"https:\/\/thinkandsell.com\/en\/services\/branding\/","url_meta":{"origin":3678,"position":3},"title":"Branding","author":"Jorge Gonz\u00e1lez","date":"24 June, 2015","format":false,"excerpt":"In a world where companies are increasingly alike, the vast array of goods and services available can be overwhelming for customers, making it challenging to make decisions based on logic alone. Instead, emotional considerations now play a more significant role in the purchasing process.","rel":"","context":"Similar post","block_context":{"text":"Similar post","link":""},"img":{"alt_text":"imagen seccion Branding","src":"https:\/\/i0.wp.com\/thinkandsell.com\/wp-content\/uploads\/2012\/03\/BRANDING.gif?resize=350%2C200&ssl=1","width":350,"height":200,"srcset":"https:\/\/i0.wp.com\/thinkandsell.com\/wp-content\/uploads\/2012\/03\/BRANDING.gif?resize=350%2C200&ssl=1 1x, https:\/\/i0.wp.com\/thinkandsell.com\/wp-content\/uploads\/2012\/03\/BRANDING.gif?resize=525%2C300&ssl=1 1.5x, https:\/\/i0.wp.com\/thinkandsell.com\/wp-content\/uploads\/2012\/03\/BRANDING.gif?resize=700%2C400&ssl=1 2x"},"classes":[]},{"id":3666,"url":"https:\/\/thinkandsell.com\/en\/services\/branding\/digital-branding\/","url_meta":{"origin":3678,"position":4},"title":"Digital Branding","author":"Jorge Gonz\u00e1lez","date":"24 June, 2015","format":false,"excerpt":"Is your online branding coherent with your offline branding? Are you making an efficient use of resources offered by the digital environment to attract new customers and increase your brand value? Internet is often the first contact between your customers and your brand. Therefore, it is essential to transmit the\u2026","rel":"","context":"Similar post","block_context":{"text":"Similar post","link":""},"img":{"alt_text":"","src":"","width":0,"height":0},"classes":[]},{"id":3661,"url":"https:\/\/thinkandsell.com\/en\/services\/branding\/brand-positioning-audit\/","url_meta":{"origin":3678,"position":5},"title":"Brand &#038; Positioning Audit","author":"Jorge Gonz\u00e1lez","date":"24 June, 2015","format":false,"excerpt":"How do your customers see your brand? Does the perception of your organization fit on how it should be perceived? At THINK&SELL we consider that a brand is the combination of all the feelings, perceptions and experiences a person has as a result of the contact with an organization and\u2026","rel":"","context":"Similar post","block_context":{"text":"Similar post","link":""},"img":{"alt_text":"","src":"","width":0,"height":0},"classes":[]}],"jetpack_sharing_enabled":true,"_links":{"self":[{"href":"https:\/\/thinkandsell.com\/en\/wp-json\/wp\/v2\/pages\/3678","targetHints":{"allow":["GET"]}}],"collection":[{"href":"https:\/\/thinkandsell.com\/en\/wp-json\/wp\/v2\/pages"}],"about":[{"href":"https:\/\/thinkandsell.com\/en\/wp-json\/wp\/v2\/types\/page"}],"author":[{"embeddable":true,"href":"https:\/\/thinkandsell.com\/en\/wp-json\/wp\/v2\/users\/1"}],"replies":[{"embeddable":true,"href":"https:\/\/thinkandsell.com\/en\/wp-json\/wp\/v2\/comments?post=3678"}],"version-history":[{"count":0,"href":"https:\/\/thinkandsell.com\/en\/wp-json\/wp\/v2\/pages\/3678\/revisions"}],"up":[{"embeddable":true,"href":"https:\/\/thinkandsell.com\/en\/wp-json\/wp\/v2\/pages\/3676"}],"wp:attachment":[{"href":"https:\/\/thinkandsell.com\/en\/wp-json\/wp\/v2\/media?parent=3678"}],"curies":[{"name":"wp","href":"https:\/\/api.w.org\/{rel}","templated":true}]}}